{"id":21,"date":"2023-02-09T08:34:07","date_gmt":"2023-02-09T08:34:07","guid":{"rendered":"https:\/\/asgoodasdone.fr\/?page_id=21"},"modified":"2023-02-28T06:47:49","modified_gmt":"2023-02-28T06:47:49","slug":"plan-du-site","status":"publish","type":"page","link":"https:\/\/asgoodasdone.fr\/en\/site-map","title":{"rendered":"Site map"},"content":{"rendered":"<div class=\"wsp-container\"><h2 class=\"wsp-pages-title\">Pages<\/h2>\n<ul class=\"wsp-pages-list\">\n<li class=\"page_item page-item-7\"><a href=\"https:\/\/asgoodasdone.fr\/en\/\">As Good as Done<\/a><\/li>\n<li class=\"page_item page-item-11\"><a href=\"https:\/\/asgoodasdone.fr\/en\/conciergerie-alpilles\">Alpilles caretaker<\/a><\/li>\n<li class=\"page_item page-item-15\"><a href=\"https:\/\/asgoodasdone.fr\/en\/contact\">Contact<\/a><\/li>\n<li class=\"page_item page-item-190\"><a href=\"https:\/\/asgoodasdone.fr\/en\/layout-of-the-grid\">Layout of the grid<\/a><\/li>\n<li class=\"page_item page-item-189\"><a href=\"https:\/\/asgoodasdone.fr\/en\/layout-of-the-list\">Layout of the list<\/a><\/li>\n<li class=\"page_item page-item-4609\"><a href=\"https:\/\/asgoodasdone.fr\/en\/financial-guarantee\">Financial guarantee<\/a><\/li>\n<li class=\"page_item page-item-191\"><a href=\"https:\/\/asgoodasdone.fr\/en\/our-seasonal-rentals-2\">seasonal rental alpilles<\/a><\/li>\n<li class=\"page_item page-item-4498\"><a href=\"https:\/\/asgoodasdone.fr\/en\/login-customizer\">Login Customizer<\/a><\/li>\n<li class=\"page_item page-item-17\"><a href=\"https:\/\/asgoodasdone.fr\/en\/legal-notices\">Legal information<\/a><\/li>\n<li class=\"page_item page-item-397\"><a href=\"https:\/\/asgoodasdone.fr\/en\/model\">Model<\/a><\/li>\n<li class=\"page_item page-item-387\"><a href=\"https:\/\/asgoodasdone.fr\/en\/our-rentals\">Our rentals<\/a><\/li>\n<li class=\"page_item page-item-21\"><a href=\"https:\/\/asgoodasdone.fr\/en\/site-map\">Site map<\/a><\/li>\n<li class=\"page_item page-item-19\"><a href=\"https:\/\/asgoodasdone.fr\/en\/privacy-policy\">Privacy Policy<\/a><\/li>\n<li class=\"page_item page-item-13\"><a href=\"https:\/\/asgoodasdone.fr\/en\/shoots\">Production coordination<\/a><\/li>\n<li class=\"page_item page-item-4617\"><a href=\"https:\/\/asgoodasdone.fr\/en\/professional-civil-liability\">Professional liability<\/a><\/li>\n<\/ul>\n<h2 class=\"wsp-posts-title\">Posts by category<\/h2>\n<ul class=\"wsp-posts-list\">\n\t<li><strong class=\"wsp-category-title\">Category: <a href=\"https:\/\/asgoodasdone.fr\/en\/category\/property-manager\">Property manager<\/a><\/strong>\n<ul class=\"wsp-posts-list\">\t\t<li class=\"wsp-post\"><a href=\"https:\/\/asgoodasdone.fr\/en\/production-alpilles\">Production Alpilles<\/a><\/li>\n\t\t<li class=\"wsp-post\"><a href=\"https:\/\/asgoodasdone.fr\/en\/home-manager-alpilles\">Home manager Alpilles<\/a><\/li>\n\t\t<li class=\"wsp-post\"><a href=\"https:\/\/asgoodasdone.fr\/en\/property-manager-alpilles\">Property manager Alpilles<\/a><\/li>\n<\/ul><\/li>\n<\/ul>\n<h2 class=\"wsp-propertiess-title\">Property<\/h2>\n<ul class=\"wsp-propertiess-list\">\n<li><a href=\"https:\/\/asgoodasdone.fr\/en\/Propri\u00e9t\u00e9\/superb-villa-with-meticulous-decoration\">Superb villa decorated to a high standard<\/a><\/li>\n<li><a href=\"https:\/\/asgoodasdone.fr\/en\/Propri\u00e9t\u00e9\/exceptional-farmhouse-near-the-centre-of-deygalieres\">Exceptional farmhouse close to the centre of Eygali\u00e8res<\/a><\/li>\n<li><a href=\"https:\/\/asgoodasdone.fr\/en\/Propri\u00e9t\u00e9\/exceptional-mas-at-the-gates-of-saint-remy-de-provence\">Exceptional farmhouse on the outskirts of Saint-R\u00e9my-de-Provence<\/a><\/li>\n<li><a href=\"https:\/\/asgoodasdone.fr\/en\/Propri\u00e9t\u00e9\/150m2-bastide-overlooking-the-alpilles-for-6-people-with-swimming-pool-2\">Bastide 140m2 overlooking the Alpilles for 6 people with swimming pool<\/a><\/li>\n<li><a href=\"https:\/\/asgoodasdone.fr\/en\/Propri\u00e9t\u00e9\/exceptional-farmhouse-on-the-outskirts-of-saint-remy-between-art-and-nature\">An exceptional farmhouse on the outskirts of Saint-R\u00e9my, between art and nature<\/a><\/li>\n<li><a href=\"https:\/\/asgoodasdone.fr\/en\/Propri\u00e9t\u00e9\/an-exceptional-estate-on-the-outskirts-of-saint-remy-between-art-and-nature\">An exceptional estate on the outskirts of Saint-R\u00e9my, between art and nature<\/a><\/li>\n<li><a href=\"https:\/\/asgoodasdone.fr\/en\/Propri\u00e9t\u00e9\/authentic-provencal-farmhouse-in-the-heart-of-the-village\">Authentic Provencal farmhouse in the heart of the village<\/a><\/li>\n<li><a href=\"https:\/\/asgoodasdone.fr\/en\/Propri\u00e9t\u00e9\/magnificent-architect-designed-villa\">Magnificent architect-designed villa<\/a><\/li>\n<li><a href=\"https:\/\/asgoodasdone.fr\/en\/Propri\u00e9t\u00e9\/magnificent-provencal-country-house-of-character\">Magnificent Proven\u00e7al country house with character<\/a><\/li>\n<li><a href=\"https:\/\/asgoodasdone.fr\/en\/Propri\u00e9t\u00e9\/pretty-farmhouse-on-wooded-land\">Pretty farmhouse set in wooded grounds<\/a><\/li>\n<li><a href=\"https:\/\/asgoodasdone.fr\/en\/Propri\u00e9t\u00e9\/charming-farmhouse-close-to-the-town-centre\">Charming farmhouse near the town centre<\/a><\/li>\n<li><a href=\"https:\/\/asgoodasdone.fr\/en\/Propri\u00e9t\u00e9\/renovated-farmhouse-in-a-large-wooded-park\">Renovated farmhouse in a large wooded park<\/a><\/li>\n<li><a href=\"https:\/\/asgoodasdone.fr\/en\/Propri\u00e9t\u00e9\/beautiful-18th-century-farmhouse\">Beautiful 18th century farmhouse<\/a><\/li>\n<li><a href=\"https:\/\/asgoodasdone.fr\/en\/Propri\u00e9t\u00e9\/13-hectare-estate-in-the-heart-of-the-alpilles\">13-hectare estate in the heart of the Alpilles<\/a><\/li>\n<li><a href=\"https:\/\/asgoodasdone.fr\/en\/Propri\u00e9t\u00e9\/large-property-with-pool-and-garden\">Large property with swimming pool and garden<\/a><\/li>\n<li><a href=\"https:\/\/asgoodasdone.fr\/en\/Propri\u00e9t\u00e9\/grand-mas-in-a-2-hectare-olive-grove\">Large farmhouse in a 2-hectare olive grove<\/a><\/li>\n<li><a href=\"https:\/\/asgoodasdone.fr\/en\/Propri\u00e9t\u00e9\/magnifique-demeure-de-1000m\u00b2-sur-un-domaine-de-40-hectares\">Magnificent 1000m\u00b2 residence on a 40-hectare estate<\/a><\/li>\n<li><a href=\"https:\/\/asgoodasdone.fr\/en\/Propri\u00e9t\u00e9\/mas-renove-sur-deux-etages-de-320-m\u00b2-beau-mas-renove\">Beautiful renovated farmhouse on two floors of 320 m\u00b2.<\/a><\/li>\n<li><a href=\"https:\/\/asgoodasdone.fr\/en\/Propri\u00e9t\u00e9\/mas-neuf-et-authentique-with-magnifique-vue-alpilles\">New, authentic farmhouse with magnificent views of the Alpilles<\/a><\/li>\n<li><a href=\"https:\/\/asgoodasdone.fr\/en\/Propri\u00e9t\u00e9\/batisse-de-charme-dans-un-environnement-paisible\">Charming building in a peaceful setting<\/a><\/li>\n<li><a href=\"https:\/\/asgoodasdone.fr\/en\/Propri\u00e9t\u00e9\/charming-entirely-restored-village-house\">Charming, fully restored village house<\/a><\/li>\n<li><a href=\"https:\/\/asgoodasdone.fr\/en\/Propri\u00e9t\u00e9\/house-restaurant-with-taste\">Tastefully restored house<\/a><\/li>\n<li><a href=\"https:\/\/asgoodasdone.fr\/en\/Propri\u00e9t\u00e9\/villa-de-charme-entierement-renovee\">Charming new villa<\/a><\/li>\n<li><a href=\"https:\/\/asgoodasdone.fr\/en\/Propri\u00e9t\u00e9\/large-land-ownership-d1-hectare-cloture\">Large property on 1 hectare of fenced land<\/a><\/li>\n<li><a href=\"https:\/\/asgoodasdone.fr\/en\/Propri\u00e9t\u00e9\/charmante-maison-de-ville-a-arles\">Charming town house in Arles (sleeps 2)<\/a><\/li>\n<li><a href=\"https:\/\/asgoodasdone.fr\/en\/Propri\u00e9t\u00e9\/superb-villa-with-sea-view\">Superb villa with sea view<\/a><\/li>\n<li><a href=\"https:\/\/asgoodasdone.fr\/en\/Propri\u00e9t\u00e9\/beautiful-villa-on-many-levels\">Beautiful villa on several levels<\/a><\/li>\n<li><a href=\"https:\/\/asgoodasdone.fr\/en\/Propri\u00e9t\u00e9\/grande-maison-de-village-au-coeur-de-maussane-les-alpilles\">Large village house in the heart of Maussane Les Alpilles<\/a><\/li>\n<li><a href=\"https:\/\/asgoodasdone.fr\/en\/Propri\u00e9t\u00e9\/mas-contemporain-sur-un-parc-arbore\">Contemporary farmhouse set in wooded grounds<\/a><\/li>\n<li><a href=\"https:\/\/asgoodasdone.fr\/en\/Propri\u00e9t\u00e9\/grand-mas-moderne-au-pied-des-alpilles\">Large modern farmhouse at the foot of the Alpilles<\/a><\/li>\n<li><a href=\"https:\/\/asgoodasdone.fr\/en\/Propri\u00e9t\u00e9\/mas-au-sommet-dune-colline\">Farmhouse at the top of a hill<\/a><\/li>\n<li><a href=\"https:\/\/asgoodasdone.fr\/en\/Propri\u00e9t\u00e9\/beautiful-villa-in-a-park-tree\">Beautiful villa in wooded grounds<\/a><\/li>\n<li><a href=\"https:\/\/asgoodasdone.fr\/en\/Propri\u00e9t\u00e9\/villa-de-charme-au-pied-des-alpilles\">Charming villa at the foot of the Alpilles<\/a><\/li>\n<li><a href=\"https:\/\/asgoodasdone.fr\/en\/Propri\u00e9t\u00e9\/villa-in-landscaped-park-with-alpine-view\">Villa in landscaped grounds with views of the Alpilles<\/a><\/li>\n<li><a href=\"https:\/\/asgoodasdone.fr\/en\/Propri\u00e9t\u00e9\/grande-bastide-provencale-de-caractere\">Large Proven\u00e7al Bastide with character<\/a><\/li>\n<li><a href=\"https:\/\/asgoodasdone.fr\/en\/Propri\u00e9t\u00e9\/charmante-maison-de-ville-a-arles\">Charming town house in Arles<\/a><\/li>\n<li><a href=\"https:\/\/asgoodasdone.fr\/en\/Propri\u00e9t\u00e9\/detached-farmhouse-on-a-1-hectare-plot\">Family farmhouse on 1 hectare of land<\/a><\/li>\n<li><a href=\"https:\/\/asgoodasdone.fr\/en\/Propri\u00e9t\u00e9\/pink-flamingos-charm-house-near-town-centre\">Pink Flamingos - Charming house close to the town centre<\/a><\/li>\n<li><a href=\"https:\/\/asgoodasdone.fr\/en\/Propri\u00e9t\u00e9\/mas-provencal-aux-allures-ultra-modern\">Pretty house close to the town centre<\/a><\/li>\n<li><a href=\"https:\/\/asgoodasdone.fr\/en\/Propri\u00e9t\u00e9\/traditional-stone-built-house\">Traditionally built house with exposed stonework<\/a><\/li>\n<li><a href=\"https:\/\/asgoodasdone.fr\/en\/Propri\u00e9t\u00e9\/mas-provencal-aux-allures-ultra-modern\">Proven\u00e7al farmhouse with an ultra-modern look<\/a><\/li>\n<li><a href=\"https:\/\/asgoodasdone.fr\/en\/Propri\u00e9t\u00e9\/charming-village-house-a-maussane\">Charming village house in Maussane<\/a><\/li>\n<li><a href=\"https:\/\/asgoodasdone.fr\/en\/Propri\u00e9t\u00e9\/grande-bastide-de-charme-sur-un-parc-arbore\">Charming country house set in wooded grounds<\/a><\/li>\n<li><a href=\"https:\/\/asgoodasdone.fr\/en\/Propri\u00e9t\u00e9\/superbe-maison-de-350m%c2%b2-sur-un-terrain-de-12-000m%c2%b2\">Superb 350m\u00b2 house on 12,000m\u00b2 of land<\/a><\/li>\n<li><a href=\"https:\/\/asgoodasdone.fr\/en\/Propri\u00e9t\u00e9\/farmhouse-in-a-park-near-the-city-centre\">Farmhouse in a wooded park close to the town centre<\/a><\/li>\n<li><a href=\"https:\/\/asgoodasdone.fr\/en\/Propri\u00e9t\u00e9\/mas-provencal-renove-contemporary-spirit-250-m2-renove-totally-air-conditioned\">Renovated Provencal farmhouse with a contemporary feel, 250 m2, fully air-conditioned<\/a><\/li>\n<li><a href=\"https:\/\/asgoodasdone.fr\/en\/Propri\u00e9t\u00e9\/large-contemporary-villa\">Large contemporary villa 5 minutes walk from the centre of Saint-R\u00e9my<\/a><\/li>\n<li><a href=\"https:\/\/asgoodasdone.fr\/en\/Propri\u00e9t\u00e9\/mas-atypique-a-quelques-pas-deygalieres\">Atypical farmhouse a few steps from Eygali\u00e8res<\/a><\/li>\n<li><a href=\"https:\/\/asgoodasdone.fr\/en\/Propri\u00e9t\u00e9\/belle-propriete-dans-environnement-calme\">Beautiful property in a quiet environment<\/a><\/li>\n<li><a href=\"https:\/\/asgoodasdone.fr\/en\/Propri\u00e9t\u00e9\/grand-bastide-in-a-park-of-2-hectars\">Large country house in 2 hectares of parkland<\/a><\/li>\n<li><a href=\"https:\/\/asgoodasdone.fr\/en\/Propri\u00e9t\u00e9\/house-with-a-pool-and-a-garden\">Superb property with swimming pool and garden<\/a><\/li>\n<li><a href=\"https:\/\/asgoodasdone.fr\/en\/Propri\u00e9t\u00e9\/mas-de-600m%c2%b2-in-a-privileged-environment\">600m\u00b2 farmhouse in a privileged environment<\/a><\/li>\n<li><a href=\"https:\/\/asgoodasdone.fr\/en\/Propri\u00e9t\u00e9\/villa-heart-village-on-a-7800m2-plot\">Villa Coeur Village on a 7800m2 plot<\/a><\/li>\n<li><a href=\"https:\/\/asgoodasdone.fr\/en\/Propri\u00e9t\u00e9\/mas-du-petit-hameau\">Mas du Petit Hameau<\/a><\/li>\n<li><a href=\"https:\/\/asgoodasdone.fr\/en\/Propri\u00e9t\u00e9\/inside-out\">Inside Out<\/a><\/li>\n<li><a href=\"https:\/\/asgoodasdone.fr\/en\/Propri\u00e9t\u00e9\/batisse-ancienne-surplombant-la-mer\">La Madrague<\/a><\/li>\n<li><a href=\"https:\/\/asgoodasdone.fr\/en\/Propri\u00e9t\u00e9\/saint-remy-de-provence-family-house-of-more-than-250-m%c2%b2-habitable\">Saint R\u00e9my de Provence family house of more than 250 m\u00b2 living space<\/a><\/li>\n<li><a href=\"https:\/\/asgoodasdone.fr\/en\/Propri\u00e9t\u00e9\/mas-a-saint-remy-de-provence-with-4-bedrooms-and-pool\">Mas in saint-R\u00e9my-de-Provence with 4 bedrooms and pool<\/a><\/li>\n<li><a href=\"https:\/\/asgoodasdone.fr\/en\/Propri\u00e9t\u00e9\/bastide-of-150m2-view-on-the-alpilles-for-6-persons-with-pool\">Bastide of 150m2 overlooking the Alpilles for 6 people with swimming pool<\/a><\/li>\n<li><a href=\"https:\/\/asgoodasdone.fr\/en\/Propri\u00e9t\u00e9\/mas-de-10-persons-with-pool-a-saint-remy-de-provence-with-pool-and-land-of-18-000-m2\">Mas for 10 people with swimming pool in Saint-R\u00e9my-de-Provence with swimming pool and 18 000 m2 of land<\/a><\/li>\n<li><a href=\"https:\/\/asgoodasdone.fr\/en\/Propri\u00e9t\u00e9\/bastide-provencale-with-pool-5-bedrooms-10-persons-saint-remy-de-provence\">Bastide proven\u00e7ale with swimming pool 5 bedrooms 10 persons Saint-R\u00e9my-de-Provence<\/a><\/li>\n<li><a href=\"https:\/\/asgoodasdone.fr\/en\/Propri\u00e9t\u00e9\/17th-century-bastide-on-a-1-hectare-park-in-saint-remy-de-provence\">17th century country house in a 1 hectare park in Saint-R\u00e9my-de-Provence<\/a><\/li>\n<li><a href=\"https:\/\/asgoodasdone.fr\/en\/Propri\u00e9t\u00e9\/mas-6-rooms-with-pool-on-park-arboreal-6000m-a-saint-remy-de-provence\">Mas 6 bedrooms with swimming pool on a 6000m park in Saint-R\u00e9my-de-Provence<\/a><\/li>\n<\/ul>\n<h2 class=\"wsp-es_categorys-title\">Categories<\/h2>\n<ul class=\"wsp-es_categorys-list\">\n<li><a href=\"https:\/\/asgoodasdone.fr\/en\/cat\u00e9gorie-propri\u00e9t\u00e9\/lieu-evenementiel\">Event venue<\/a><\/li>\n<\/ul>\n<\/div>","protected":false},"excerpt":{"rendered":"","protected":false},"author":1,"featured_media":0,"parent":0,"menu_order":0,"comment_status":"closed","ping_status":"closed","template":"","meta":{"_monsterinsights_skip_tracking":false,"_monsterinsights_sitenote_active":false,"_monsterinsights_sitenote_note":"","_monsterinsights_sitenote_category":0,"footnotes":""},"folder":[],"class_list":["post-21","page","type-page","status-publish","czr-hentry"],"yoast_head":"<!-- This site is optimized with the Yoast SEO plugin v27.4 - https:\/\/yoast.com\/product\/yoast-seo-wordpress\/ -->\n<title>Plan du site - As Good As Done<\/title>\n<meta name=\"robots\" content=\"index, follow, max-snippet:-1, max-image-preview:large, max-video-preview:-1\" \/>\n<link rel=\"canonical\" href=\"https:\/\/asgoodasdone.fr\/en\/site-map\/\" \/>\n<meta property=\"og:locale\" content=\"en_GB\" \/>\n<meta property=\"og:type\" content=\"article\" \/>\n<meta property=\"og:title\" content=\"Plan du site - As Good As Done\" \/>\n<meta property=\"og:url\" content=\"https:\/\/asgoodasdone.fr\/en\/site-map\/\" \/>\n<meta property=\"og:site_name\" content=\"As Good As Done\" \/>\n<meta property=\"article:modified_time\" content=\"2023-02-28T06:47:49+00:00\" \/>\n<meta name=\"twitter:card\" content=\"summary_large_image\" \/>\n<script type=\"application\/ld+json\" class=\"yoast-schema-graph\">{\"@context\":\"https:\\\/\\\/schema.org\",\"@graph\":[{\"@type\":\"WebPage\",\"@id\":\"https:\\\/\\\/asgoodasdone.fr\\\/plan-du-site\",\"url\":\"https:\\\/\\\/asgoodasdone.fr\\\/plan-du-site\",\"name\":\"Plan du site - As Good As Done\",\"isPartOf\":{\"@id\":\"https:\\\/\\\/asgoodasdone.fr\\\/#website\"},\"datePublished\":\"2023-02-09T08:34:07+00:00\",\"dateModified\":\"2023-02-28T06:47:49+00:00\",\"breadcrumb\":{\"@id\":\"https:\\\/\\\/asgoodasdone.fr\\\/plan-du-site#breadcrumb\"},\"inLanguage\":\"en-GB\",\"potentialAction\":[{\"@type\":\"ReadAction\",\"target\":[\"https:\\\/\\\/asgoodasdone.fr\\\/plan-du-site\"]}]},{\"@type\":\"BreadcrumbList\",\"@id\":\"https:\\\/\\\/asgoodasdone.fr\\\/plan-du-site#breadcrumb\",\"itemListElement\":[{\"@type\":\"ListItem\",\"position\":1,\"name\":\"Accueil\",\"item\":\"https:\\\/\\\/asgoodasdone.fr\\\/\"},{\"@type\":\"ListItem\",\"position\":2,\"name\":\"Plan du site\"}]},{\"@type\":\"WebSite\",\"@id\":\"https:\\\/\\\/asgoodasdone.fr\\\/#website\",\"url\":\"https:\\\/\\\/asgoodasdone.fr\\\/\",\"name\":\"As Good As Done\",\"description\":\"Conciergerie priv\u00e9e haut de gamme en Provence\",\"publisher\":{\"@id\":\"https:\\\/\\\/asgoodasdone.fr\\\/#organization\"},\"potentialAction\":[{\"@type\":\"SearchAction\",\"target\":{\"@type\":\"EntryPoint\",\"urlTemplate\":\"https:\\\/\\\/asgoodasdone.fr\\\/?s={search_term_string}\"},\"query-input\":{\"@type\":\"PropertyValueSpecification\",\"valueRequired\":true,\"valueName\":\"search_term_string\"}}],\"inLanguage\":\"en-GB\"},{\"@type\":\"Organization\",\"@id\":\"https:\\\/\\\/asgoodasdone.fr\\\/#organization\",\"name\":\"As Good As Done\",\"url\":\"https:\\\/\\\/asgoodasdone.fr\\\/\",\"logo\":{\"@type\":\"ImageObject\",\"inLanguage\":\"en-GB\",\"@id\":\"https:\\\/\\\/asgoodasdone.fr\\\/#\\\/schema\\\/logo\\\/image\\\/\",\"url\":\"https:\\\/\\\/asgoodasdone.fr\\\/wp-content\\\/uploads\\\/2023\\\/02\\\/cropped-AS-GOOD-AS-DONE.png\",\"contentUrl\":\"https:\\\/\\\/asgoodasdone.fr\\\/wp-content\\\/uploads\\\/2023\\\/02\\\/cropped-AS-GOOD-AS-DONE.png\",\"width\":300,\"height\":88,\"caption\":\"As Good As Done\"},\"image\":{\"@id\":\"https:\\\/\\\/asgoodasdone.fr\\\/#\\\/schema\\\/logo\\\/image\\\/\"}}]}<\/script>\n<!-- \/ Yoast SEO plugin. -->","yoast_head_json":{"title":"Site Map - As Good As Done","robots":{"index":"index","follow":"follow","max-snippet":"max-snippet:-1","max-image-preview":"max-image-preview:large","max-video-preview":"max-video-preview:-1"},"canonical":"https:\/\/asgoodasdone.fr\/en\/site-map\/","og_locale":"en_GB","og_type":"article","og_title":"Plan du site - As Good As Done","og_url":"https:\/\/asgoodasdone.fr\/en\/site-map\/","og_site_name":"As Good As Done","article_modified_time":"2023-02-28T06:47:49+00:00","twitter_card":"summary_large_image","schema":{"@context":"https:\/\/schema.org","@graph":[{"@type":"WebPage","@id":"https:\/\/asgoodasdone.fr\/plan-du-site","url":"https:\/\/asgoodasdone.fr\/plan-du-site","name":"Site Map - As Good As Done","isPartOf":{"@id":"https:\/\/asgoodasdone.fr\/#website"},"datePublished":"2023-02-09T08:34:07+00:00","dateModified":"2023-02-28T06:47:49+00:00","breadcrumb":{"@id":"https:\/\/asgoodasdone.fr\/plan-du-site#breadcrumb"},"inLanguage":"en-GB","potentialAction":[{"@type":"ReadAction","target":["https:\/\/asgoodasdone.fr\/plan-du-site"]}]},{"@type":"BreadcrumbList","@id":"https:\/\/asgoodasdone.fr\/plan-du-site#breadcrumb","itemListElement":[{"@type":"ListItem","position":1,"name":"Accueil","item":"https:\/\/asgoodasdone.fr\/"},{"@type":"ListItem","position":2,"name":"Plan du site"}]},{"@type":"WebSite","@id":"https:\/\/asgoodasdone.fr\/#website","url":"https:\/\/asgoodasdone.fr\/","name":"As Good As Done","description":"High-end private concierge service in Provence","publisher":{"@id":"https:\/\/asgoodasdone.fr\/#organization"},"potentialAction":[{"@type":"SearchAction","target":{"@type":"EntryPoint","urlTemplate":"https:\/\/asgoodasdone.fr\/?s={search_term_string}"},"query-input":{"@type":"PropertyValueSpecification","valueRequired":true,"valueName":"search_term_string"}}],"inLanguage":"en-GB"},{"@type":"Organization","@id":"https:\/\/asgoodasdone.fr\/#organization","name":"As Good As Done","url":"https:\/\/asgoodasdone.fr\/","logo":{"@type":"ImageObject","inLanguage":"en-GB","@id":"https:\/\/asgoodasdone.fr\/#\/schema\/logo\/image\/","url":"https:\/\/asgoodasdone.fr\/wp-content\/uploads\/2023\/02\/cropped-AS-GOOD-AS-DONE.png","contentUrl":"https:\/\/asgoodasdone.fr\/wp-content\/uploads\/2023\/02\/cropped-AS-GOOD-AS-DONE.png","width":300,"height":88,"caption":"As Good As Done"},"image":{"@id":"https:\/\/asgoodasdone.fr\/#\/schema\/logo\/image\/"}}]}},"_links":{"self":[{"href":"https:\/\/asgoodasdone.fr\/en\/wp-json\/wp\/v2\/pages\/21","targetHints":{"allow":["GET"]}}],"collection":[{"href":"https:\/\/asgoodasdone.fr\/en\/wp-json\/wp\/v2\/pages"}],"about":[{"href":"https:\/\/asgoodasdone.fr\/en\/wp-json\/wp\/v2\/types\/page"}],"author":[{"embeddable":true,"href":"https:\/\/asgoodasdone.fr\/en\/wp-json\/wp\/v2\/users\/1"}],"replies":[{"embeddable":true,"href":"https:\/\/asgoodasdone.fr\/en\/wp-json\/wp\/v2\/comments?post=21"}],"version-history":[{"count":2,"href":"https:\/\/asgoodasdone.fr\/en\/wp-json\/wp\/v2\/pages\/21\/revisions"}],"predecessor-version":[{"id":311,"href":"https:\/\/asgoodasdone.fr\/en\/wp-json\/wp\/v2\/pages\/21\/revisions\/311"}],"wp:attachment":[{"href":"https:\/\/asgoodasdone.fr\/en\/wp-json\/wp\/v2\/media?parent=21"}],"wp:term":[{"taxonomy":"folder","embeddable":true,"href":"https:\/\/asgoodasdone.fr\/en\/wp-json\/wp\/v2\/folder?post=21"}],"curies":[{"name":"wp","href":"https:\/\/api.w.org\/{rel}","templated":true}]}}