{"id":17,"date":"2023-02-09T08:33:48","date_gmt":"2023-02-09T08:33:48","guid":{"rendered":"https:\/\/asgoodasdone.fr\/?page_id=17"},"modified":"2025-05-14T10:09:08","modified_gmt":"2025-05-14T10:09:08","slug":"mentions-legales","status":"publish","type":"page","link":"https:\/\/asgoodasdone.fr\/en\/legal-notices","title":{"rendered":"Legal information"},"content":{"rendered":"<h2 class=\"wp-block-heading\"><strong>SARL <\/strong>AS GOOD AS DONE<\/h2>\n\n\n\n<p>SARL with a capital of 1000\u20ac.<\/p>\n\n\n\n<p>HEAD OFFICE: 29 Avenue Albert Gleizes, 13210 Saint-R\u00e9my-De-Provence<\/p>\n\n\n\n<p>SIRET : 79089727600024<\/p>\n\n\n\n<p>RCS : Tarascon B 790 897 276<\/p>\n\n\n\n<p>ACTIVITY: Other personal services n.e.c. (9609Z)<\/p>\n\n\n\n<p>Manager : Anne Faliech<\/p>\n\n\n\n<p>Estate agent card number: 13012019000040636<\/p>\n\n\n\n<p>INSURANCE: Certificate of professional liability insurance \"Real estate agents\" insured by AXA<\/p>\n\n\n\n<p>professional indemnity insurance policy and financial guarantee of \u20ac1,110,000 underwritten by QBE European Operations under number QRCAI000568<\/p>\n\n\n\n<p>Publication manager: Anne Faliech<\/p>\n\n\n\n<hr class=\"wp-block-separator has-alpha-channel-opacity is-style-wide\"\/>\n\n\n\n<h3 class=\"wp-block-heading\"><strong>WEBSITE CREATION :<\/strong> <a data-type=\"URL\" data-id=\"https:\/\/agence-by-lome.fr\" href=\"https:\/\/agence-by-lome.fr\" target=\"_blank\" rel=\"noreferrer noopener\">A<\/a><a href=\"https:\/\/agencebylome.fr\" target=\"_blank\" rel=\"noreferrer noopener\">GENCE BY LOM\u00c9<\/a><\/h3>\n\n\n\n<p>SARL with capital of \u20ac10,000<br><strong>HEAD OFFICE :<\/strong> 60 rue de la Silice, 13210 Saint-R\u00e9my de Provence<br><strong>SIRET :<\/strong> 88456591200034<br><strong>RCS :<\/strong> Tarascon B 884 565 912<br><strong>ACTIVITY :<\/strong> Public relations and communications consultancy (7021Z)<br><strong>Manager:<\/strong> Lom\u00e9 Tengker<\/p>\n\n\n\n<hr class=\"wp-block-separator has-alpha-channel-opacity is-style-wide\"\/>\n\n\n\n<h3 class=\"wp-block-heading\"><strong>Host: IONOS SARL<\/strong><\/h3>\n\n\n\n<p><strong>1&amp;1 IONOS LTD.<\/strong><br>SARL with a capital of EUR 100,000<br>RCS Sarreguemines B 431 303 775<br>SIRET 431 303 775 000 16<br>APE Code: 6201Z<br>Intra-community identification FR 13 431303775&nbsp;<\/p>","protected":false},"excerpt":{"rendered":"<p>SARL AS GOOD AS DONE SARL au capital de 1000\u20ac SI\u00c8GE :&nbsp;29 Avenue Albert Gleizes, 13210 Saint-R\u00e9my-De-Provence SIRET : 79089727600024 RCS : Tarascon B 790&nbsp;897&nbsp;276 ACTIVIT\u00c9 : Autres services personnels n.c.a. (9609Z) G\u00e9rant : Anne Faliech N\u00b0 de carte d&rsquo;agent immobilier : 13012019000040636 ASSURANCE : Attestation d&rsquo;assurance responsabilit\u00e9 civile professionnelle \u00ab\u00a0Agents immobilier\u00a0\u00bb assur\u00e9 par AXA [&hellip;]<\/p>\n","protected":false},"author":1,"featured_media":0,"parent":0,"menu_order":0,"comment_status":"closed","ping_status":"closed","template":"","meta":{"_monsterinsights_skip_tracking":false,"_monsterinsights_sitenote_active":false,"_monsterinsights_sitenote_note":"","_monsterinsights_sitenote_category":0,"footnotes":""},"folder":[],"class_list":["post-17","page","type-page","status-publish","czr-hentry"],"yoast_head":"<!-- This site is optimized with the Yoast SEO plugin v27.4 - https:\/\/yoast.com\/product\/yoast-seo-wordpress\/ -->\n<title>Mentions l\u00e9gales - As Good As Done<\/title>\n<meta name=\"robots\" content=\"index, follow, max-snippet:-1, max-image-preview:large, max-video-preview:-1\" \/>\n<link rel=\"canonical\" href=\"https:\/\/asgoodasdone.fr\/en\/legal-notices\/\" \/>\n<meta property=\"og:locale\" content=\"en_GB\" \/>\n<meta property=\"og:type\" content=\"article\" \/>\n<meta property=\"og:title\" content=\"Mentions l\u00e9gales - As Good As Done\" \/>\n<meta property=\"og:description\" content=\"SARL AS GOOD AS DONE SARL au capital de 1000\u20ac SI\u00c8GE :&nbsp;29 Avenue Albert Gleizes, 13210 Saint-R\u00e9my-De-Provence SIRET : 79089727600024 RCS : Tarascon B 790&nbsp;897&nbsp;276 ACTIVIT\u00c9 : Autres services personnels n.c.a. (9609Z) G\u00e9rant : Anne Faliech N\u00b0 de carte d&rsquo;agent immobilier : 13012019000040636 ASSURANCE : Attestation d&rsquo;assurance responsabilit\u00e9 civile professionnelle \u00ab\u00a0Agents immobilier\u00a0\u00bb assur\u00e9 par AXA [&hellip;]\" \/>\n<meta property=\"og:url\" content=\"https:\/\/asgoodasdone.fr\/en\/legal-notices\/\" \/>\n<meta property=\"og:site_name\" content=\"As Good As Done\" \/>\n<meta property=\"article:modified_time\" content=\"2025-05-14T10:09:08+00:00\" \/>\n<meta name=\"twitter:card\" content=\"summary_large_image\" \/>\n<meta name=\"twitter:label1\" content=\"Estimated reading time\" \/>\n\t<meta name=\"twitter:data1\" content=\"2 minutes\" \/>\n<script type=\"application\/ld+json\" class=\"yoast-schema-graph\">{\"@context\":\"https:\\\/\\\/schema.org\",\"@graph\":[{\"@type\":\"WebPage\",\"@id\":\"https:\\\/\\\/asgoodasdone.fr\\\/mentions-legales\",\"url\":\"https:\\\/\\\/asgoodasdone.fr\\\/mentions-legales\",\"name\":\"Mentions l\u00e9gales - As Good As Done\",\"isPartOf\":{\"@id\":\"https:\\\/\\\/asgoodasdone.fr\\\/#website\"},\"datePublished\":\"2023-02-09T08:33:48+00:00\",\"dateModified\":\"2025-05-14T10:09:08+00:00\",\"breadcrumb\":{\"@id\":\"https:\\\/\\\/asgoodasdone.fr\\\/mentions-legales#breadcrumb\"},\"inLanguage\":\"en-GB\",\"potentialAction\":[{\"@type\":\"ReadAction\",\"target\":[\"https:\\\/\\\/asgoodasdone.fr\\\/mentions-legales\"]}]},{\"@type\":\"BreadcrumbList\",\"@id\":\"https:\\\/\\\/asgoodasdone.fr\\\/mentions-legales#breadcrumb\",\"itemListElement\":[{\"@type\":\"ListItem\",\"position\":1,\"name\":\"Accueil\",\"item\":\"https:\\\/\\\/asgoodasdone.fr\\\/\"},{\"@type\":\"ListItem\",\"position\":2,\"name\":\"Mentions l\u00e9gales\"}]},{\"@type\":\"WebSite\",\"@id\":\"https:\\\/\\\/asgoodasdone.fr\\\/#website\",\"url\":\"https:\\\/\\\/asgoodasdone.fr\\\/\",\"name\":\"As Good As Done\",\"description\":\"Conciergerie priv\u00e9e haut de gamme en Provence\",\"publisher\":{\"@id\":\"https:\\\/\\\/asgoodasdone.fr\\\/#organization\"},\"potentialAction\":[{\"@type\":\"SearchAction\",\"target\":{\"@type\":\"EntryPoint\",\"urlTemplate\":\"https:\\\/\\\/asgoodasdone.fr\\\/?s={search_term_string}\"},\"query-input\":{\"@type\":\"PropertyValueSpecification\",\"valueRequired\":true,\"valueName\":\"search_term_string\"}}],\"inLanguage\":\"en-GB\"},{\"@type\":\"Organization\",\"@id\":\"https:\\\/\\\/asgoodasdone.fr\\\/#organization\",\"name\":\"As Good As Done\",\"url\":\"https:\\\/\\\/asgoodasdone.fr\\\/\",\"logo\":{\"@type\":\"ImageObject\",\"inLanguage\":\"en-GB\",\"@id\":\"https:\\\/\\\/asgoodasdone.fr\\\/#\\\/schema\\\/logo\\\/image\\\/\",\"url\":\"https:\\\/\\\/asgoodasdone.fr\\\/wp-content\\\/uploads\\\/2023\\\/02\\\/cropped-AS-GOOD-AS-DONE.png\",\"contentUrl\":\"https:\\\/\\\/asgoodasdone.fr\\\/wp-content\\\/uploads\\\/2023\\\/02\\\/cropped-AS-GOOD-AS-DONE.png\",\"width\":300,\"height\":88,\"caption\":\"As Good As Done\"},\"image\":{\"@id\":\"https:\\\/\\\/asgoodasdone.fr\\\/#\\\/schema\\\/logo\\\/image\\\/\"}}]}<\/script>\n<!-- \/ Yoast SEO plugin. -->","yoast_head_json":{"title":"Legal notice - As Good As Done","robots":{"index":"index","follow":"follow","max-snippet":"max-snippet:-1","max-image-preview":"max-image-preview:large","max-video-preview":"max-video-preview:-1"},"canonical":"https:\/\/asgoodasdone.fr\/en\/legal-notices\/","og_locale":"en_GB","og_type":"article","og_title":"Mentions l\u00e9gales - As Good As Done","og_description":"SARL AS GOOD AS DONE SARL au capital de 1000\u20ac SI\u00c8GE :&nbsp;29 Avenue Albert Gleizes, 13210 Saint-R\u00e9my-De-Provence SIRET : 79089727600024 RCS : Tarascon B 790&nbsp;897&nbsp;276 ACTIVIT\u00c9 : Autres services personnels n.c.a. (9609Z) G\u00e9rant : Anne Faliech N\u00b0 de carte d&rsquo;agent immobilier : 13012019000040636 ASSURANCE : Attestation d&rsquo;assurance responsabilit\u00e9 civile professionnelle \u00ab\u00a0Agents immobilier\u00a0\u00bb assur\u00e9 par AXA [&hellip;]","og_url":"https:\/\/asgoodasdone.fr\/en\/legal-notices\/","og_site_name":"As Good As Done","article_modified_time":"2025-05-14T10:09:08+00:00","twitter_card":"summary_large_image","twitter_misc":{"Estimated reading time":"2 minutes"},"schema":{"@context":"https:\/\/schema.org","@graph":[{"@type":"WebPage","@id":"https:\/\/asgoodasdone.fr\/mentions-legales","url":"https:\/\/asgoodasdone.fr\/mentions-legales","name":"Legal notice - As Good As Done","isPartOf":{"@id":"https:\/\/asgoodasdone.fr\/#website"},"datePublished":"2023-02-09T08:33:48+00:00","dateModified":"2025-05-14T10:09:08+00:00","breadcrumb":{"@id":"https:\/\/asgoodasdone.fr\/mentions-legales#breadcrumb"},"inLanguage":"en-GB","potentialAction":[{"@type":"ReadAction","target":["https:\/\/asgoodasdone.fr\/mentions-legales"]}]},{"@type":"BreadcrumbList","@id":"https:\/\/asgoodasdone.fr\/mentions-legales#breadcrumb","itemListElement":[{"@type":"ListItem","position":1,"name":"Accueil","item":"https:\/\/asgoodasdone.fr\/"},{"@type":"ListItem","position":2,"name":"Mentions l\u00e9gales"}]},{"@type":"WebSite","@id":"https:\/\/asgoodasdone.fr\/#website","url":"https:\/\/asgoodasdone.fr\/","name":"As Good As Done","description":"High-end private concierge service in Provence","publisher":{"@id":"https:\/\/asgoodasdone.fr\/#organization"},"potentialAction":[{"@type":"SearchAction","target":{"@type":"EntryPoint","urlTemplate":"https:\/\/asgoodasdone.fr\/?s={search_term_string}"},"query-input":{"@type":"PropertyValueSpecification","valueRequired":true,"valueName":"search_term_string"}}],"inLanguage":"en-GB"},{"@type":"Organization","@id":"https:\/\/asgoodasdone.fr\/#organization","name":"As Good As Done","url":"https:\/\/asgoodasdone.fr\/","logo":{"@type":"ImageObject","inLanguage":"en-GB","@id":"https:\/\/asgoodasdone.fr\/#\/schema\/logo\/image\/","url":"https:\/\/asgoodasdone.fr\/wp-content\/uploads\/2023\/02\/cropped-AS-GOOD-AS-DONE.png","contentUrl":"https:\/\/asgoodasdone.fr\/wp-content\/uploads\/2023\/02\/cropped-AS-GOOD-AS-DONE.png","width":300,"height":88,"caption":"As Good As Done"},"image":{"@id":"https:\/\/asgoodasdone.fr\/#\/schema\/logo\/image\/"}}]}},"_links":{"self":[{"href":"https:\/\/asgoodasdone.fr\/en\/wp-json\/wp\/v2\/pages\/17","targetHints":{"allow":["GET"]}}],"collection":[{"href":"https:\/\/asgoodasdone.fr\/en\/wp-json\/wp\/v2\/pages"}],"about":[{"href":"https:\/\/asgoodasdone.fr\/en\/wp-json\/wp\/v2\/types\/page"}],"author":[{"embeddable":true,"href":"https:\/\/asgoodasdone.fr\/en\/wp-json\/wp\/v2\/users\/1"}],"replies":[{"embeddable":true,"href":"https:\/\/asgoodasdone.fr\/en\/wp-json\/wp\/v2\/comments?post=17"}],"version-history":[{"count":7,"href":"https:\/\/asgoodasdone.fr\/en\/wp-json\/wp\/v2\/pages\/17\/revisions"}],"predecessor-version":[{"id":4629,"href":"https:\/\/asgoodasdone.fr\/en\/wp-json\/wp\/v2\/pages\/17\/revisions\/4629"}],"wp:attachment":[{"href":"https:\/\/asgoodasdone.fr\/en\/wp-json\/wp\/v2\/media?parent=17"}],"wp:term":[{"taxonomy":"folder","embeddable":true,"href":"https:\/\/asgoodasdone.fr\/en\/wp-json\/wp\/v2\/folder?post=17"}],"curies":[{"name":"wp","href":"https:\/\/api.w.org\/{rel}","templated":true}]}}